{"id":1904,"date":"2024-08-24T17:50:49","date_gmt":"2024-08-24T20:50:49","guid":{"rendered":"https:\/\/co3farma.com.br\/?page_id=1904"},"modified":"2024-09-07T20:05:26","modified_gmt":"2024-09-07T23:05:26","slug":"cursos","status":"publish","type":"page","link":"https:\/\/co3farma.com.br\/en\/cursos\/","title":{"rendered":"Cursos"},"content":{"rendered":"<div data-elementor-type=\"wp-page\" data-elementor-id=\"1904\" class=\"elementor elementor-1904\" data-elementor-post-type=\"page\">\n\t\t\t\t<div class=\"elementor-element elementor-element-e564141 e-flex e-con-boxed e-con e-parent\" data-id=\"e564141\" data-element_type=\"container\" data-settings=\"{&quot;container_type&quot;:&quot;flex&quot;,&quot;content_width&quot;:&quot;boxed&quot;}\" data-core-v316-plus=\"true\">\n\t\t\t\t\t<div class=\"e-con-inner\">\n\t\t\t\t<div class=\"elementor-element elementor-element-63d7ec3 elementor-search-form--skin-classic elementor-search-form--button-type-icon elementor-search-form--icon-search elementor-widget elementor-widget-search-form\" data-id=\"63d7ec3\" data-element_type=\"widget\" data-settings=\"{&quot;skin&quot;:&quot;classic&quot;}\" data-widget_type=\"search-form.default\">\n\t\t\t\t<div class=\"elementor-widget-container\">\n\t\t\t<link rel=\"stylesheet\" href=\"https:\/\/co3farma.com.br\/wp-content\/plugins\/elementor-pro\/assets\/css\/widget-theme-elements.min.css\">\t\t<form class=\"elementor-search-form\" action=\"https:\/\/co3farma.com.br\/en\" method=\"get\" role=\"search\" data-trp-original-action=\"https:\/\/co3farma.com.br\/en\">\n\t\t\t\t\t\t\t\t\t<div class=\"elementor-search-form__container\">\n\t\t\t\t<label class=\"elementor-screen-only\" for=\"elementor-search-form-63d7ec3\">Search<\/label>\n\n\t\t\t\t\n\t\t\t\t<input id=\"elementor-search-form-63d7ec3\" placeholder=\"Pesquisar\" class=\"elementor-search-form__input\" type=\"search\" name=\"s\" value=\"\">\n\t\t\t\t\n\t\t\t\t\t\t\t\t\t<button class=\"elementor-search-form__submit\" type=\"submit\" aria-label=\"Search\">\n\t\t\t\t\t\t\t\t\t\t\t\t\t<i aria-hidden=\"true\" class=\"fas fa-search\"><\/i>\t\t\t\t\t\t\t<span class=\"elementor-screen-only\">Search<\/span>\n\t\t\t\t\t\t\t\t\t\t\t<\/button>\n\t\t\t\t\n\t\t\t\t\t\t\t<\/div>\n\t\t<input type=\"hidden\" name=\"trp-form-language\" value=\"en\"\/><\/form>\n\t\t\t\t<\/div>\n\t\t\t\t<\/div>\n\t\t\t\t<div class=\"elementor-element elementor-element-5a742f1 elementor-grid-3 elementor-grid-tablet-2 elementor-grid-mobile-1 elementor-posts--thumbnail-top elementor-widget elementor-widget-posts\" data-id=\"5a742f1\" data-element_type=\"widget\" data-settings=\"{&quot;pagination_type&quot;:&quot;numbers&quot;,&quot;classic_columns&quot;:&quot;3&quot;,&quot;classic_columns_tablet&quot;:&quot;2&quot;,&quot;classic_columns_mobile&quot;:&quot;1&quot;,&quot;classic_row_gap&quot;:{&quot;unit&quot;:&quot;px&quot;,&quot;size&quot;:35,&quot;sizes&quot;:[]},&quot;classic_row_gap_laptop&quot;:{&quot;unit&quot;:&quot;px&quot;,&quot;size&quot;:&quot;&quot;,&quot;sizes&quot;:[]},&quot;classic_row_gap_tablet&quot;:{&quot;unit&quot;:&quot;px&quot;,&quot;size&quot;:&quot;&quot;,&quot;sizes&quot;:[]},&quot;classic_row_gap_mobile&quot;:{&quot;unit&quot;:&quot;px&quot;,&quot;size&quot;:&quot;&quot;,&quot;sizes&quot;:[]}}\" data-widget_type=\"posts.classic\">\n\t\t\t\t<div class=\"elementor-widget-container\">\n\t\t\t<link rel=\"stylesheet\" href=\"https:\/\/co3farma.com.br\/wp-content\/plugins\/elementor-pro\/assets\/css\/widget-posts.min.css\">\t\t<div class=\"elementor-posts-container elementor-posts elementor-posts--skin-classic elementor-grid\">\n\t\t\t\t<article class=\"elementor-post elementor-grid-item post-2406 post type-post status-publish format-standard has-post-thumbnail hentry category-curso\">\n\t\t\t\t<a class=\"elementor-post__thumbnail__link\" href=\"https:\/\/co3farma.com.br\/en\/bioequivalencia-biodisponibilidade-relativa\/\" >\n\t\t\t<div class=\"elementor-post__thumbnail\"><img fetchpriority=\"high\" decoding=\"async\" width=\"300\" height=\"217\" src=\"https:\/\/co3farma.com.br\/wp-content\/uploads\/2024\/08\/EM-BREVE-02-300x217.jpg\" class=\"attachment-medium size-medium wp-image-3346\" alt=\"\" srcset=\"https:\/\/co3farma.com.br\/wp-content\/uploads\/2024\/08\/EM-BREVE-02-300x217.jpg 300w, https:\/\/co3farma.com.br\/wp-content\/uploads\/2024\/08\/EM-BREVE-02-600x434.jpg 600w, https:\/\/co3farma.com.br\/wp-content\/uploads\/2024\/08\/EM-BREVE-02.jpg 725w\" sizes=\"(max-width: 300px) 100vw, 300px\" \/><\/div>\n\t\t<\/a>\n\t\t\t\t<div class=\"elementor-post__text\">\n\t\t\t\t<h3 class=\"elementor-post__title\">\n\t\t\t<a href=\"https:\/\/co3farma.com.br\/en\/bioequivalencia-biodisponibilidade-relativa\/\" >\n\t\t\t\tBioequival\u00eancia \/ Biodisponibilidade Relativa [em breve]\t\t\t<\/a>\n\t\t<\/h3>\n\t\t\t\t<\/div>\n\t\t\t\t<\/article>\n\t\t\t\t<article class=\"elementor-post elementor-grid-item post-1911 post type-post status-publish format-standard has-post-thumbnail hentry category-curso\">\n\t\t\t\t<a class=\"elementor-post__thumbnail__link\" href=\"https:\/\/co3farma.com.br\/en\/do-projeto-a-rotina\/\" >\n\t\t\t<div class=\"elementor-post__thumbnail\"><img decoding=\"async\" width=\"300\" height=\"217\" src=\"https:\/\/co3farma.com.br\/wp-content\/uploads\/2024\/08\/contaminacao-1-300x217.jpg\" class=\"attachment-medium size-medium wp-image-3453\" alt=\"\" srcset=\"https:\/\/co3farma.com.br\/wp-content\/uploads\/2024\/08\/contaminacao-1-300x217.jpg 300w, https:\/\/co3farma.com.br\/wp-content\/uploads\/2024\/08\/contaminacao-1-768x556.jpg 768w, https:\/\/co3farma.com.br\/wp-content\/uploads\/2024\/08\/contaminacao-1-18x12.jpg 18w, https:\/\/co3farma.com.br\/wp-content\/uploads\/2024\/08\/contaminacao-1-600x434.jpg 600w, https:\/\/co3farma.com.br\/wp-content\/uploads\/2024\/08\/contaminacao-1.jpg 906w\" sizes=\"(max-width: 300px) 100vw, 300px\" \/><\/div>\n\t\t<\/a>\n\t\t\t\t<div class=\"elementor-post__text\">\n\t\t\t\t<h3 class=\"elementor-post__title\">\n\t\t\t<a href=\"https:\/\/co3farma.com.br\/en\/do-projeto-a-rotina\/\" >\n\t\t\t\tContamina\u00e7\u00e3o Cruzada &#8211; Do projeto \u00e0 rotina [em breve]\t\t\t<\/a>\n\t\t<\/h3>\n\t\t\t\t<\/div>\n\t\t\t\t<\/article>\n\t\t\t\t<article class=\"elementor-post elementor-grid-item post-2405 post type-post status-publish format-standard has-post-thumbnail hentry category-curso\">\n\t\t\t\t<a class=\"elementor-post__thumbnail__link\" href=\"https:\/\/co3farma.com.br\/en\/desenvolvimento-analitico-aplicado-a-validacao-de-limpeza\/\" >\n\t\t\t<div class=\"elementor-post__thumbnail\"><img decoding=\"async\" width=\"300\" height=\"217\" src=\"https:\/\/co3farma.com.br\/wp-content\/uploads\/2024\/08\/EM-BREVE-01-300x217.jpg\" class=\"attachment-medium size-medium wp-image-3351\" alt=\"\" srcset=\"https:\/\/co3farma.com.br\/wp-content\/uploads\/2024\/08\/EM-BREVE-01-300x217.jpg 300w, https:\/\/co3farma.com.br\/wp-content\/uploads\/2024\/08\/EM-BREVE-01-600x434.jpg 600w, https:\/\/co3farma.com.br\/wp-content\/uploads\/2024\/08\/EM-BREVE-01.jpg 725w\" sizes=\"(max-width: 300px) 100vw, 300px\" \/><\/div>\n\t\t<\/a>\n\t\t\t\t<div class=\"elementor-post__text\">\n\t\t\t\t<h3 class=\"elementor-post__title\">\n\t\t\t<a href=\"https:\/\/co3farma.com.br\/en\/desenvolvimento-analitico-aplicado-a-validacao-de-limpeza\/\" >\n\t\t\t\tDesenvolvimento Anal\u00edtico aplicado a Valida\u00e7\u00e3o de Limpeza [em breve]\t\t\t<\/a>\n\t\t<\/h3>\n\t\t\t\t<\/div>\n\t\t\t\t<\/article>\n\t\t\t\t<article class=\"elementor-post elementor-grid-item post-2403 post type-post status-publish format-standard has-post-thumbnail hentry category-curso\">\n\t\t\t\t<a class=\"elementor-post__thumbnail__link\" href=\"https:\/\/co3farma.com.br\/en\/desenvolvimento-de-embalagem\/\" >\n\t\t\t<div class=\"elementor-post__thumbnail\"><img loading=\"lazy\" decoding=\"async\" width=\"300\" height=\"217\" src=\"https:\/\/co3farma.com.br\/wp-content\/uploads\/2024\/08\/OK-300x217.jpg\" class=\"attachment-medium size-medium wp-image-3554\" alt=\"\" srcset=\"https:\/\/co3farma.com.br\/wp-content\/uploads\/2024\/08\/OK-300x217.jpg 300w, https:\/\/co3farma.com.br\/wp-content\/uploads\/2024\/08\/OK-1024x741.jpg 1024w, https:\/\/co3farma.com.br\/wp-content\/uploads\/2024\/08\/OK-768x556.jpg 768w, https:\/\/co3farma.com.br\/wp-content\/uploads\/2024\/08\/OK-18x12.jpg 18w, https:\/\/co3farma.com.br\/wp-content\/uploads\/2024\/08\/OK-600x434.jpg 600w, https:\/\/co3farma.com.br\/wp-content\/uploads\/2024\/08\/OK.jpg 1493w\" sizes=\"(max-width: 300px) 100vw, 300px\" \/><\/div>\n\t\t<\/a>\n\t\t\t\t<div class=\"elementor-post__text\">\n\t\t\t\t<h3 class=\"elementor-post__title\">\n\t\t\t<a href=\"https:\/\/co3farma.com.br\/en\/desenvolvimento-de-embalagem\/\" >\n\t\t\t\tDesenvolvimento de Embalagem [inscri\u00e7\u00f5es encerradas]\t\t\t<\/a>\n\t\t<\/h3>\n\t\t\t\t<\/div>\n\t\t\t\t<\/article>\n\t\t\t\t<article class=\"elementor-post elementor-grid-item post-2402 post type-post status-publish format-standard has-post-thumbnail hentry category-curso\">\n\t\t\t\t<a class=\"elementor-post__thumbnail__link\" href=\"https:\/\/co3farma.com.br\/en\/estudos-de-estabilidade\/\" >\n\t\t\t<div class=\"elementor-post__thumbnail\"><img loading=\"lazy\" decoding=\"async\" width=\"300\" height=\"217\" src=\"https:\/\/co3farma.com.br\/wp-content\/uploads\/2024\/08\/estabilidade-1-300x217.jpg\" class=\"attachment-medium size-medium wp-image-3455\" alt=\"\" srcset=\"https:\/\/co3farma.com.br\/wp-content\/uploads\/2024\/08\/estabilidade-1-300x217.jpg 300w, https:\/\/co3farma.com.br\/wp-content\/uploads\/2024\/08\/estabilidade-1-768x556.jpg 768w, https:\/\/co3farma.com.br\/wp-content\/uploads\/2024\/08\/estabilidade-1-18x12.jpg 18w, https:\/\/co3farma.com.br\/wp-content\/uploads\/2024\/08\/estabilidade-1-600x434.jpg 600w, https:\/\/co3farma.com.br\/wp-content\/uploads\/2024\/08\/estabilidade-1.jpg 906w\" sizes=\"(max-width: 300px) 100vw, 300px\" \/><\/div>\n\t\t<\/a>\n\t\t\t\t<div class=\"elementor-post__text\">\n\t\t\t\t<h3 class=\"elementor-post__title\">\n\t\t\t<a href=\"https:\/\/co3farma.com.br\/en\/estudos-de-estabilidade\/\" >\n\t\t\t\tEstudos de Estabilidade [em breve]\t\t\t<\/a>\n\t\t<\/h3>\n\t\t\t\t<\/div>\n\t\t\t\t<\/article>\n\t\t\t\t<article class=\"elementor-post elementor-grid-item post-3420 post type-post status-publish format-standard has-post-thumbnail hentry category-curso\">\n\t\t\t\t<a class=\"elementor-post__thumbnail__link\" href=\"https:\/\/co3farma.com.br\/en\/pmo-para-vmo\/\" >\n\t\t\t<div class=\"elementor-post__thumbnail\"><img loading=\"lazy\" decoding=\"async\" width=\"300\" height=\"218\" src=\"https:\/\/co3farma.com.br\/wp-content\/uploads\/2024\/10\/okok-300x218.jpg\" class=\"attachment-medium size-medium wp-image-3561\" alt=\"\" srcset=\"https:\/\/co3farma.com.br\/wp-content\/uploads\/2024\/10\/okok-300x218.jpg 300w, https:\/\/co3farma.com.br\/wp-content\/uploads\/2024\/10\/okok-1024x743.jpg 1024w, https:\/\/co3farma.com.br\/wp-content\/uploads\/2024\/10\/okok-768x557.jpg 768w, https:\/\/co3farma.com.br\/wp-content\/uploads\/2024\/10\/okok-18x12.jpg 18w, https:\/\/co3farma.com.br\/wp-content\/uploads\/2024\/10\/okok-600x435.jpg 600w, https:\/\/co3farma.com.br\/wp-content\/uploads\/2024\/10\/okok.jpg 1488w\" sizes=\"(max-width: 300px) 100vw, 300px\" \/><\/div>\n\t\t<\/a>\n\t\t\t\t<div class=\"elementor-post__text\">\n\t\t\t\t<h3 class=\"elementor-post__title\">\n\t\t\t<a href=\"https:\/\/co3farma.com.br\/en\/pmo-para-vmo\/\" >\n\t\t\t\tPMO para VMO [inscri\u00e7\u00f5es encerradas]\t\t\t<\/a>\n\t\t<\/h3>\n\t\t\t\t<\/div>\n\t\t\t\t<\/article>\n\t\t\t\t<\/div>\n\t\t\n\t\t\t\t<\/div>\n\t\t\t\t<\/div>\n\t\t\t\t\t<\/div>\n\t\t\t\t<\/div>\n\t\t\t\t<\/div>","protected":false},"excerpt":{"rendered":"","protected":false},"author":1,"featured_media":0,"parent":0,"menu_order":0,"comment_status":"closed","ping_status":"closed","template":"elementor_header_footer","meta":{"footnotes":""},"class_list":["post-1904","page","type-page","status-publish","hentry"],"yoast_head":"<!-- This site is optimized with the Yoast SEO plugin v21.9.1 - https:\/\/yoast.com\/wordpress\/plugins\/seo\/ -->\n<title>Cursos - CO3 Farma<\/title>\n<meta name=\"robots\" content=\"index, follow, max-snippet:-1, max-image-preview:large, max-video-preview:-1\" \/>\n<link rel=\"canonical\" href=\"https:\/\/co3farma.com.br\/en\/cursos\/\" \/>\n<meta property=\"og:locale\" content=\"en_US\" \/>\n<meta property=\"og:type\" content=\"article\" \/>\n<meta property=\"og:title\" content=\"Cursos - CO3 Farma\" \/>\n<meta property=\"og:url\" content=\"https:\/\/co3farma.com.br\/en\/cursos\/\" \/>\n<meta property=\"og:site_name\" content=\"CO3 Farma\" \/>\n<meta property=\"article:modified_time\" content=\"2024-09-07T23:05:26+00:00\" \/>\n<meta name=\"twitter:card\" content=\"summary_large_image\" \/>\n<meta name=\"twitter:label1\" content=\"Est. reading time\" \/>\n\t<meta name=\"twitter:data1\" content=\"2 minutes\" \/>\n<script type=\"application\/ld+json\" class=\"yoast-schema-graph\">{\"@context\":\"https:\/\/schema.org\",\"@graph\":[{\"@type\":\"WebPage\",\"@id\":\"https:\/\/co3farma.com.br\/cursos\/\",\"url\":\"https:\/\/co3farma.com.br\/cursos\/\",\"name\":\"Cursos - CO3 Farma\",\"isPartOf\":{\"@id\":\"https:\/\/co3farma.com.br\/#website\"},\"datePublished\":\"2024-08-24T20:50:49+00:00\",\"dateModified\":\"2024-09-07T23:05:26+00:00\",\"breadcrumb\":{\"@id\":\"https:\/\/co3farma.com.br\/cursos\/#breadcrumb\"},\"inLanguage\":\"en-US\",\"potentialAction\":[{\"@type\":\"ReadAction\",\"target\":[\"https:\/\/co3farma.com.br\/cursos\/\"]}]},{\"@type\":\"BreadcrumbList\",\"@id\":\"https:\/\/co3farma.com.br\/cursos\/#breadcrumb\",\"itemListElement\":[{\"@type\":\"ListItem\",\"position\":1,\"name\":\"In\u00edcio\",\"item\":\"https:\/\/co3farma.com.br\/\"},{\"@type\":\"ListItem\",\"position\":2,\"name\":\"Cursos\"}]},{\"@type\":\"WebSite\",\"@id\":\"https:\/\/co3farma.com.br\/#website\",\"url\":\"https:\/\/co3farma.com.br\/\",\"name\":\"CO3 Farma\",\"description\":\"Excel\u00eancia em Gest\u00e3o de Projetos e Processos\",\"publisher\":{\"@id\":\"https:\/\/co3farma.com.br\/#organization\"},\"potentialAction\":[{\"@type\":\"SearchAction\",\"target\":{\"@type\":\"EntryPoint\",\"urlTemplate\":\"https:\/\/co3farma.com.br\/?s={search_term_string}\"},\"query-input\":\"required name=search_term_string\"}],\"inLanguage\":\"en-US\"},{\"@type\":\"Organization\",\"@id\":\"https:\/\/co3farma.com.br\/#organization\",\"name\":\"CO3 Farma\",\"url\":\"https:\/\/co3farma.com.br\/\",\"logo\":{\"@type\":\"ImageObject\",\"inLanguage\":\"en-US\",\"@id\":\"https:\/\/co3farma.com.br\/#\/schema\/logo\/image\/\",\"url\":\"https:\/\/co3farma.com.br\/wp-content\/uploads\/2023\/09\/logo02co3.png\",\"contentUrl\":\"https:\/\/co3farma.com.br\/wp-content\/uploads\/2023\/09\/logo02co3.png\",\"width\":4320,\"height\":1640,\"caption\":\"CO3 Farma\"},\"image\":{\"@id\":\"https:\/\/co3farma.com.br\/#\/schema\/logo\/image\/\"},\"sameAs\":[\"https:\/\/www.linkedin.com\/company\/co3farma\",\"https:\/\/www.instagram.com\/co3farma\/\"]}]}<\/script>\n<!-- \/ Yoast SEO plugin. -->","yoast_head_json":{"title":"Cursos - CO3 Farma","robots":{"index":"index","follow":"follow","max-snippet":"max-snippet:-1","max-image-preview":"max-image-preview:large","max-video-preview":"max-video-preview:-1"},"canonical":"https:\/\/co3farma.com.br\/en\/cursos\/","og_locale":"en_US","og_type":"article","og_title":"Cursos - CO3 Farma","og_url":"https:\/\/co3farma.com.br\/en\/cursos\/","og_site_name":"CO3 Farma","article_modified_time":"2024-09-07T23:05:26+00:00","twitter_card":"summary_large_image","twitter_misc":{"Est. reading time":"2 minutes"},"schema":{"@context":"https:\/\/schema.org","@graph":[{"@type":"WebPage","@id":"https:\/\/co3farma.com.br\/cursos\/","url":"https:\/\/co3farma.com.br\/cursos\/","name":"Cursos - CO3 Farma","isPartOf":{"@id":"https:\/\/co3farma.com.br\/#website"},"datePublished":"2024-08-24T20:50:49+00:00","dateModified":"2024-09-07T23:05:26+00:00","breadcrumb":{"@id":"https:\/\/co3farma.com.br\/cursos\/#breadcrumb"},"inLanguage":"en-US","potentialAction":[{"@type":"ReadAction","target":["https:\/\/co3farma.com.br\/cursos\/"]}]},{"@type":"BreadcrumbList","@id":"https:\/\/co3farma.com.br\/cursos\/#breadcrumb","itemListElement":[{"@type":"ListItem","position":1,"name":"In\u00edcio","item":"https:\/\/co3farma.com.br\/"},{"@type":"ListItem","position":2,"name":"Cursos"}]},{"@type":"WebSite","@id":"https:\/\/co3farma.com.br\/#website","url":"https:\/\/co3farma.com.br\/","name":"CO3 Farma","description":"Excel\u00eancia em Gest\u00e3o de Projetos e Processos","publisher":{"@id":"https:\/\/co3farma.com.br\/#organization"},"potentialAction":[{"@type":"SearchAction","target":{"@type":"EntryPoint","urlTemplate":"https:\/\/co3farma.com.br\/?s={search_term_string}"},"query-input":"required name=search_term_string"}],"inLanguage":"en-US"},{"@type":"Organization","@id":"https:\/\/co3farma.com.br\/#organization","name":"CO3 Farma","url":"https:\/\/co3farma.com.br\/","logo":{"@type":"ImageObject","inLanguage":"en-US","@id":"https:\/\/co3farma.com.br\/#\/schema\/logo\/image\/","url":"https:\/\/co3farma.com.br\/wp-content\/uploads\/2023\/09\/logo02co3.png","contentUrl":"https:\/\/co3farma.com.br\/wp-content\/uploads\/2023\/09\/logo02co3.png","width":4320,"height":1640,"caption":"CO3 Farma"},"image":{"@id":"https:\/\/co3farma.com.br\/#\/schema\/logo\/image\/"},"sameAs":["https:\/\/www.linkedin.com\/company\/co3farma","https:\/\/www.instagram.com\/co3farma\/"]}]}},"_links":{"self":[{"href":"https:\/\/co3farma.com.br\/en\/wp-json\/wp\/v2\/pages\/1904","targetHints":{"allow":["GET"]}}],"collection":[{"href":"https:\/\/co3farma.com.br\/en\/wp-json\/wp\/v2\/pages"}],"about":[{"href":"https:\/\/co3farma.com.br\/en\/wp-json\/wp\/v2\/types\/page"}],"author":[{"embeddable":true,"href":"https:\/\/co3farma.com.br\/en\/wp-json\/wp\/v2\/users\/1"}],"replies":[{"embeddable":true,"href":"https:\/\/co3farma.com.br\/en\/wp-json\/wp\/v2\/comments?post=1904"}],"version-history":[{"count":0,"href":"https:\/\/co3farma.com.br\/en\/wp-json\/wp\/v2\/pages\/1904\/revisions"}],"wp:attachment":[{"href":"https:\/\/co3farma.com.br\/en\/wp-json\/wp\/v2\/media?parent=1904"}],"curies":[{"name":"wp","href":"https:\/\/api.w.org\/{rel}","templated":true}]}}