{"id":2833,"date":"2024-09-01T21:25:29","date_gmt":"2024-09-02T00:25:29","guid":{"rendered":"https:\/\/co3farma.com.br\/?page_id=2833"},"modified":"2024-09-07T19:57:22","modified_gmt":"2024-09-07T22:57:22","slug":"grupostecnicos","status":"publish","type":"page","link":"https:\/\/co3farma.com.br\/en\/grupostecnicos\/","title":{"rendered":"Grupos T\u00e9cnicos"},"content":{"rendered":"<div data-elementor-type=\"wp-page\" data-elementor-id=\"2833\" class=\"elementor elementor-2833\" data-elementor-post-type=\"page\">\n\t\t\t\t<div class=\"elementor-element elementor-element-e564141 e-flex e-con-boxed e-con e-parent\" data-id=\"e564141\" data-element_type=\"container\" data-settings=\"{&quot;container_type&quot;:&quot;flex&quot;,&quot;content_width&quot;:&quot;boxed&quot;}\" data-core-v316-plus=\"true\">\n\t\t\t\t\t<div class=\"e-con-inner\">\n\t\t\t\t<div class=\"elementor-element elementor-element-63d7ec3 elementor-search-form--skin-classic elementor-search-form--button-type-icon elementor-search-form--icon-search elementor-widget elementor-widget-search-form\" data-id=\"63d7ec3\" data-element_type=\"widget\" data-settings=\"{&quot;skin&quot;:&quot;classic&quot;}\" data-widget_type=\"search-form.default\">\n\t\t\t\t<div class=\"elementor-widget-container\">\n\t\t\t<link rel=\"stylesheet\" href=\"https:\/\/co3farma.com.br\/wp-content\/plugins\/elementor-pro\/assets\/css\/widget-theme-elements.min.css\">\t\t<form class=\"elementor-search-form\" action=\"https:\/\/co3farma.com.br\/en\" method=\"get\" role=\"search\" data-trp-original-action=\"https:\/\/co3farma.com.br\/en\">\n\t\t\t\t\t\t\t\t\t<div class=\"elementor-search-form__container\">\n\t\t\t\t<label class=\"elementor-screen-only\" for=\"elementor-search-form-63d7ec3\">Search<\/label>\n\n\t\t\t\t\n\t\t\t\t<input id=\"elementor-search-form-63d7ec3\" placeholder=\"Pesquisar\" class=\"elementor-search-form__input\" type=\"search\" name=\"s\" value=\"\">\n\t\t\t\t\n\t\t\t\t\t\t\t\t\t<button class=\"elementor-search-form__submit\" type=\"submit\" aria-label=\"Search\">\n\t\t\t\t\t\t\t\t\t\t\t\t\t<i aria-hidden=\"true\" class=\"fas fa-search\"><\/i>\t\t\t\t\t\t\t<span class=\"elementor-screen-only\">Search<\/span>\n\t\t\t\t\t\t\t\t\t\t\t<\/button>\n\t\t\t\t\n\t\t\t\t\t\t\t<\/div>\n\t\t<input type=\"hidden\" name=\"trp-form-language\" value=\"en\"\/><\/form>\n\t\t\t\t<\/div>\n\t\t\t\t<\/div>\n\t\t\t\t<div class=\"elementor-element elementor-element-5a742f1 elementor-grid-3 elementor-grid-tablet-2 elementor-grid-mobile-1 elementor-posts--thumbnail-top elementor-widget elementor-widget-posts\" data-id=\"5a742f1\" data-element_type=\"widget\" data-settings=\"{&quot;pagination_type&quot;:&quot;numbers&quot;,&quot;classic_columns&quot;:&quot;3&quot;,&quot;classic_columns_tablet&quot;:&quot;2&quot;,&quot;classic_columns_mobile&quot;:&quot;1&quot;,&quot;classic_row_gap&quot;:{&quot;unit&quot;:&quot;px&quot;,&quot;size&quot;:35,&quot;sizes&quot;:[]},&quot;classic_row_gap_laptop&quot;:{&quot;unit&quot;:&quot;px&quot;,&quot;size&quot;:&quot;&quot;,&quot;sizes&quot;:[]},&quot;classic_row_gap_tablet&quot;:{&quot;unit&quot;:&quot;px&quot;,&quot;size&quot;:&quot;&quot;,&quot;sizes&quot;:[]},&quot;classic_row_gap_mobile&quot;:{&quot;unit&quot;:&quot;px&quot;,&quot;size&quot;:&quot;&quot;,&quot;sizes&quot;:[]}}\" data-widget_type=\"posts.classic\">\n\t\t\t\t<div class=\"elementor-widget-container\">\n\t\t\t<link rel=\"stylesheet\" href=\"https:\/\/co3farma.com.br\/wp-content\/plugins\/elementor-pro\/assets\/css\/widget-posts.min.css\">\t\t<div class=\"elementor-posts-container elementor-posts elementor-posts--skin-classic elementor-grid\">\n\t\t\t\t<article class=\"elementor-post elementor-grid-item post-2497 post type-post status-publish format-standard has-post-thumbnail hentry category-gto\">\n\t\t\t\t<a class=\"elementor-post__thumbnail__link\" href=\"https:\/\/co3farma.com.br\/en\/gto-gestao-de-projetos\/\" >\n\t\t\t<div class=\"elementor-post__thumbnail\"><img fetchpriority=\"high\" decoding=\"async\" width=\"300\" height=\"217\" src=\"https:\/\/co3farma.com.br\/wp-content\/uploads\/2024\/08\/15-300x217.jpg\" class=\"attachment-medium size-medium wp-image-3355\" alt=\"\" srcset=\"https:\/\/co3farma.com.br\/wp-content\/uploads\/2024\/08\/15-300x217.jpg 300w, https:\/\/co3farma.com.br\/wp-content\/uploads\/2024\/08\/15-600x434.jpg 600w, https:\/\/co3farma.com.br\/wp-content\/uploads\/2024\/08\/15.jpg 725w\" sizes=\"(max-width: 300px) 100vw, 300px\" \/><\/div>\n\t\t<\/a>\n\t\t\t\t<div class=\"elementor-post__text\">\n\t\t\t\t<h3 class=\"elementor-post__title\">\n\t\t\t<a href=\"https:\/\/co3farma.com.br\/en\/gto-gestao-de-projetos\/\" >\n\t\t\t\tGTO \u2013 Gest\u00e3o de Projetos\t\t\t<\/a>\n\t\t<\/h3>\n\t\t\t\t<\/div>\n\t\t\t\t<\/article>\n\t\t\t\t<article class=\"elementor-post elementor-grid-item post-2492 post type-post status-publish format-standard has-post-thumbnail hentry category-gto\">\n\t\t\t\t<a class=\"elementor-post__thumbnail__link\" href=\"https:\/\/co3farma.com.br\/en\/gto-validacao-de-limpeza\/\" >\n\t\t\t<div class=\"elementor-post__thumbnail\"><img decoding=\"async\" width=\"300\" height=\"217\" src=\"https:\/\/co3farma.com.br\/wp-content\/uploads\/2024\/08\/14-300x217.jpg\" class=\"attachment-medium size-medium wp-image-3356\" alt=\"\" srcset=\"https:\/\/co3farma.com.br\/wp-content\/uploads\/2024\/08\/14-300x217.jpg 300w, https:\/\/co3farma.com.br\/wp-content\/uploads\/2024\/08\/14-600x434.jpg 600w, https:\/\/co3farma.com.br\/wp-content\/uploads\/2024\/08\/14.jpg 725w\" sizes=\"(max-width: 300px) 100vw, 300px\" \/><\/div>\n\t\t<\/a>\n\t\t\t\t<div class=\"elementor-post__text\">\n\t\t\t\t<h3 class=\"elementor-post__title\">\n\t\t\t<a href=\"https:\/\/co3farma.com.br\/en\/gto-validacao-de-limpeza\/\" >\n\t\t\t\tGTO \u2013 Valida\u00e7\u00e3o de Limpeza\t\t\t<\/a>\n\t\t<\/h3>\n\t\t\t\t<\/div>\n\t\t\t\t<\/article>\n\t\t\t\t<article class=\"elementor-post elementor-grid-item post-2487 post type-post status-publish format-standard has-post-thumbnail hentry category-gto\">\n\t\t\t\t<a class=\"elementor-post__thumbnail__link\" href=\"https:\/\/co3farma.com.br\/en\/gto-fabricacao-de-produtos-estereis\/\" >\n\t\t\t<div class=\"elementor-post__thumbnail\"><img decoding=\"async\" width=\"300\" height=\"217\" src=\"https:\/\/co3farma.com.br\/wp-content\/uploads\/2024\/08\/13-300x217.jpg\" class=\"attachment-medium size-medium wp-image-3357\" alt=\"\" srcset=\"https:\/\/co3farma.com.br\/wp-content\/uploads\/2024\/08\/13-300x217.jpg 300w, https:\/\/co3farma.com.br\/wp-content\/uploads\/2024\/08\/13-600x434.jpg 600w, https:\/\/co3farma.com.br\/wp-content\/uploads\/2024\/08\/13.jpg 725w\" sizes=\"(max-width: 300px) 100vw, 300px\" \/><\/div>\n\t\t<\/a>\n\t\t\t\t<div class=\"elementor-post__text\">\n\t\t\t\t<h3 class=\"elementor-post__title\">\n\t\t\t<a href=\"https:\/\/co3farma.com.br\/en\/gto-fabricacao-de-produtos-estereis\/\" >\n\t\t\t\tGTO &#8211; Fabrica\u00e7\u00e3o de Produtos Est\u00e9reis\t\t\t<\/a>\n\t\t<\/h3>\n\t\t\t\t<\/div>\n\t\t\t\t<\/article>\n\t\t\t\t<article class=\"elementor-post elementor-grid-item post-2482 post type-post status-publish format-standard has-post-thumbnail hentry category-gto\">\n\t\t\t\t<a class=\"elementor-post__thumbnail__link\" href=\"https:\/\/co3farma.com.br\/en\/gto-gerenciamento-de-contaminacao-cruzada\/\" >\n\t\t\t<div class=\"elementor-post__thumbnail\"><img loading=\"lazy\" decoding=\"async\" width=\"300\" height=\"217\" src=\"https:\/\/co3farma.com.br\/wp-content\/uploads\/2024\/08\/12-300x217.jpg\" class=\"attachment-medium size-medium wp-image-3358\" alt=\"\" srcset=\"https:\/\/co3farma.com.br\/wp-content\/uploads\/2024\/08\/12-300x217.jpg 300w, https:\/\/co3farma.com.br\/wp-content\/uploads\/2024\/08\/12-600x434.jpg 600w, https:\/\/co3farma.com.br\/wp-content\/uploads\/2024\/08\/12.jpg 725w\" sizes=\"(max-width: 300px) 100vw, 300px\" \/><\/div>\n\t\t<\/a>\n\t\t\t\t<div class=\"elementor-post__text\">\n\t\t\t\t<h3 class=\"elementor-post__title\">\n\t\t\t<a href=\"https:\/\/co3farma.com.br\/en\/gto-gerenciamento-de-contaminacao-cruzada\/\" >\n\t\t\t\tGTO &#8211; Gerenciamento de Contamina\u00e7\u00e3o Cruzada\t\t\t<\/a>\n\t\t<\/h3>\n\t\t\t\t<\/div>\n\t\t\t\t<\/article>\n\t\t\t\t<article class=\"elementor-post elementor-grid-item post-2477 post type-post status-publish format-standard has-post-thumbnail hentry category-gto\">\n\t\t\t\t<a class=\"elementor-post__thumbnail__link\" href=\"https:\/\/co3farma.com.br\/en\/gto-materiais-de-embalagem-desenvolvimento-e-controle\/\" >\n\t\t\t<div class=\"elementor-post__thumbnail\"><img loading=\"lazy\" decoding=\"async\" width=\"300\" height=\"217\" src=\"https:\/\/co3farma.com.br\/wp-content\/uploads\/2024\/08\/11-300x217.jpg\" class=\"attachment-medium size-medium wp-image-3359\" alt=\"\" srcset=\"https:\/\/co3farma.com.br\/wp-content\/uploads\/2024\/08\/11-300x217.jpg 300w, https:\/\/co3farma.com.br\/wp-content\/uploads\/2024\/08\/11-600x434.jpg 600w, https:\/\/co3farma.com.br\/wp-content\/uploads\/2024\/08\/11.jpg 725w\" sizes=\"(max-width: 300px) 100vw, 300px\" \/><\/div>\n\t\t<\/a>\n\t\t\t\t<div class=\"elementor-post__text\">\n\t\t\t\t<h3 class=\"elementor-post__title\">\n\t\t\t<a href=\"https:\/\/co3farma.com.br\/en\/gto-materiais-de-embalagem-desenvolvimento-e-controle\/\" >\n\t\t\t\tGTO \u2013 Materiais de Embalagem: Desenvolvimento e Controle\t\t\t<\/a>\n\t\t<\/h3>\n\t\t\t\t<\/div>\n\t\t\t\t<\/article>\n\t\t\t\t<article class=\"elementor-post elementor-grid-item post-2471 post type-post status-publish format-standard has-post-thumbnail hentry category-gto\">\n\t\t\t\t<a class=\"elementor-post__thumbnail__link\" href=\"https:\/\/co3farma.com.br\/en\/gto-pesquisa-clinica\/\" >\n\t\t\t<div class=\"elementor-post__thumbnail\"><img loading=\"lazy\" decoding=\"async\" width=\"300\" height=\"217\" src=\"https:\/\/co3farma.com.br\/wp-content\/uploads\/2024\/08\/10-300x217.jpg\" class=\"attachment-medium size-medium wp-image-3360\" alt=\"\" srcset=\"https:\/\/co3farma.com.br\/wp-content\/uploads\/2024\/08\/10-300x217.jpg 300w, https:\/\/co3farma.com.br\/wp-content\/uploads\/2024\/08\/10-600x434.jpg 600w, https:\/\/co3farma.com.br\/wp-content\/uploads\/2024\/08\/10.jpg 725w\" sizes=\"(max-width: 300px) 100vw, 300px\" \/><\/div>\n\t\t<\/a>\n\t\t\t\t<div class=\"elementor-post__text\">\n\t\t\t\t<h3 class=\"elementor-post__title\">\n\t\t\t<a href=\"https:\/\/co3farma.com.br\/en\/gto-pesquisa-clinica\/\" >\n\t\t\t\tGTO \u2013 Pesquisa Cl\u00ednica\t\t\t<\/a>\n\t\t<\/h3>\n\t\t\t\t<\/div>\n\t\t\t\t<\/article>\n\t\t\t\t<article class=\"elementor-post elementor-grid-item post-2466 post type-post status-publish format-standard has-post-thumbnail hentry category-gto\">\n\t\t\t\t<a class=\"elementor-post__thumbnail__link\" href=\"https:\/\/co3farma.com.br\/en\/gto-farmacotecnico\/\" >\n\t\t\t<div class=\"elementor-post__thumbnail\"><img loading=\"lazy\" decoding=\"async\" width=\"300\" height=\"217\" src=\"https:\/\/co3farma.com.br\/wp-content\/uploads\/2024\/08\/9-300x217.jpg\" class=\"attachment-medium size-medium wp-image-3361\" alt=\"\" srcset=\"https:\/\/co3farma.com.br\/wp-content\/uploads\/2024\/08\/9-300x217.jpg 300w, https:\/\/co3farma.com.br\/wp-content\/uploads\/2024\/08\/9-600x434.jpg 600w, https:\/\/co3farma.com.br\/wp-content\/uploads\/2024\/08\/9.jpg 725w\" sizes=\"(max-width: 300px) 100vw, 300px\" \/><\/div>\n\t\t<\/a>\n\t\t\t\t<div class=\"elementor-post__text\">\n\t\t\t\t<h3 class=\"elementor-post__title\">\n\t\t\t<a href=\"https:\/\/co3farma.com.br\/en\/gto-farmacotecnico\/\" >\n\t\t\t\tGTO \u2013 Farmacot\u00e9cnico\t\t\t<\/a>\n\t\t<\/h3>\n\t\t\t\t<\/div>\n\t\t\t\t<\/article>\n\t\t\t\t<article class=\"elementor-post elementor-grid-item post-2452 post type-post status-publish format-standard has-post-thumbnail hentry category-gto\">\n\t\t\t\t<a class=\"elementor-post__thumbnail__link\" href=\"https:\/\/co3farma.com.br\/en\/gto-analitico-fisico-quimico\/\" >\n\t\t\t<div class=\"elementor-post__thumbnail\"><img loading=\"lazy\" decoding=\"async\" width=\"300\" height=\"217\" src=\"https:\/\/co3farma.com.br\/wp-content\/uploads\/2024\/08\/8-300x217.jpg\" class=\"attachment-medium size-medium wp-image-3362\" alt=\"\" srcset=\"https:\/\/co3farma.com.br\/wp-content\/uploads\/2024\/08\/8-300x217.jpg 300w, https:\/\/co3farma.com.br\/wp-content\/uploads\/2024\/08\/8-600x434.jpg 600w, https:\/\/co3farma.com.br\/wp-content\/uploads\/2024\/08\/8.jpg 725w\" sizes=\"(max-width: 300px) 100vw, 300px\" \/><\/div>\n\t\t<\/a>\n\t\t\t\t<div class=\"elementor-post__text\">\n\t\t\t\t<h3 class=\"elementor-post__title\">\n\t\t\t<a href=\"https:\/\/co3farma.com.br\/en\/gto-analitico-fisico-quimico\/\" >\n\t\t\t\tGTO \u2013 Anal\u00edtico (F\u00edsico-Qu\u00edmico)\t\t\t<\/a>\n\t\t<\/h3>\n\t\t\t\t<\/div>\n\t\t\t\t<\/article>\n\t\t\t\t<\/div>\n\t\t\n\t\t\t\t<\/div>\n\t\t\t\t<\/div>\n\t\t\t\t\t<\/div>\n\t\t\t\t<\/div>\n\t\t\t\t<\/div>","protected":false},"excerpt":{"rendered":"","protected":false},"author":1,"featured_media":0,"parent":0,"menu_order":0,"comment_status":"closed","ping_status":"closed","template":"elementor_header_footer","meta":{"footnotes":""},"class_list":["post-2833","page","type-page","status-publish","hentry"],"yoast_head":"<!-- This site is optimized with the Yoast SEO plugin v21.9.1 - https:\/\/yoast.com\/wordpress\/plugins\/seo\/ -->\n<title>Grupos T\u00e9cnicos - CO3 Farma<\/title>\n<meta name=\"robots\" content=\"index, follow, max-snippet:-1, max-image-preview:large, max-video-preview:-1\" \/>\n<link rel=\"canonical\" href=\"https:\/\/co3farma.com.br\/en\/grupostecnicos\/\" \/>\n<meta property=\"og:locale\" content=\"en_US\" \/>\n<meta property=\"og:type\" content=\"article\" \/>\n<meta property=\"og:title\" content=\"Grupos T\u00e9cnicos - CO3 Farma\" \/>\n<meta property=\"og:url\" content=\"https:\/\/co3farma.com.br\/en\/grupostecnicos\/\" \/>\n<meta property=\"og:site_name\" content=\"CO3 Farma\" \/>\n<meta property=\"article:modified_time\" content=\"2024-09-07T22:57:22+00:00\" \/>\n<meta name=\"twitter:card\" content=\"summary_large_image\" \/>\n<meta name=\"twitter:label1\" content=\"Est. reading time\" \/>\n\t<meta name=\"twitter:data1\" content=\"3 minutes\" \/>\n<script type=\"application\/ld+json\" class=\"yoast-schema-graph\">{\"@context\":\"https:\/\/schema.org\",\"@graph\":[{\"@type\":\"WebPage\",\"@id\":\"https:\/\/co3farma.com.br\/grupostecnicos\/\",\"url\":\"https:\/\/co3farma.com.br\/grupostecnicos\/\",\"name\":\"Grupos T\u00e9cnicos - CO3 Farma\",\"isPartOf\":{\"@id\":\"https:\/\/co3farma.com.br\/#website\"},\"datePublished\":\"2024-09-02T00:25:29+00:00\",\"dateModified\":\"2024-09-07T22:57:22+00:00\",\"breadcrumb\":{\"@id\":\"https:\/\/co3farma.com.br\/grupostecnicos\/#breadcrumb\"},\"inLanguage\":\"en-US\",\"potentialAction\":[{\"@type\":\"ReadAction\",\"target\":[\"https:\/\/co3farma.com.br\/grupostecnicos\/\"]}]},{\"@type\":\"BreadcrumbList\",\"@id\":\"https:\/\/co3farma.com.br\/grupostecnicos\/#breadcrumb\",\"itemListElement\":[{\"@type\":\"ListItem\",\"position\":1,\"name\":\"In\u00edcio\",\"item\":\"https:\/\/co3farma.com.br\/\"},{\"@type\":\"ListItem\",\"position\":2,\"name\":\"Grupos T\u00e9cnicos\"}]},{\"@type\":\"WebSite\",\"@id\":\"https:\/\/co3farma.com.br\/#website\",\"url\":\"https:\/\/co3farma.com.br\/\",\"name\":\"CO3 Farma\",\"description\":\"Excel\u00eancia em Gest\u00e3o de Projetos e Processos\",\"publisher\":{\"@id\":\"https:\/\/co3farma.com.br\/#organization\"},\"potentialAction\":[{\"@type\":\"SearchAction\",\"target\":{\"@type\":\"EntryPoint\",\"urlTemplate\":\"https:\/\/co3farma.com.br\/?s={search_term_string}\"},\"query-input\":\"required name=search_term_string\"}],\"inLanguage\":\"en-US\"},{\"@type\":\"Organization\",\"@id\":\"https:\/\/co3farma.com.br\/#organization\",\"name\":\"CO3 Farma\",\"url\":\"https:\/\/co3farma.com.br\/\",\"logo\":{\"@type\":\"ImageObject\",\"inLanguage\":\"en-US\",\"@id\":\"https:\/\/co3farma.com.br\/#\/schema\/logo\/image\/\",\"url\":\"https:\/\/co3farma.com.br\/wp-content\/uploads\/2023\/09\/logo02co3.png\",\"contentUrl\":\"https:\/\/co3farma.com.br\/wp-content\/uploads\/2023\/09\/logo02co3.png\",\"width\":4320,\"height\":1640,\"caption\":\"CO3 Farma\"},\"image\":{\"@id\":\"https:\/\/co3farma.com.br\/#\/schema\/logo\/image\/\"},\"sameAs\":[\"https:\/\/www.linkedin.com\/company\/co3farma\",\"https:\/\/www.instagram.com\/co3farma\/\"]}]}<\/script>\n<!-- \/ Yoast SEO plugin. -->","yoast_head_json":{"title":"Grupos T\u00e9cnicos - CO3 Farma","robots":{"index":"index","follow":"follow","max-snippet":"max-snippet:-1","max-image-preview":"max-image-preview:large","max-video-preview":"max-video-preview:-1"},"canonical":"https:\/\/co3farma.com.br\/en\/grupostecnicos\/","og_locale":"en_US","og_type":"article","og_title":"Grupos T\u00e9cnicos - CO3 Farma","og_url":"https:\/\/co3farma.com.br\/en\/grupostecnicos\/","og_site_name":"CO3 Farma","article_modified_time":"2024-09-07T22:57:22+00:00","twitter_card":"summary_large_image","twitter_misc":{"Est. reading time":"3 minutes"},"schema":{"@context":"https:\/\/schema.org","@graph":[{"@type":"WebPage","@id":"https:\/\/co3farma.com.br\/grupostecnicos\/","url":"https:\/\/co3farma.com.br\/grupostecnicos\/","name":"Grupos T\u00e9cnicos - CO3 Farma","isPartOf":{"@id":"https:\/\/co3farma.com.br\/#website"},"datePublished":"2024-09-02T00:25:29+00:00","dateModified":"2024-09-07T22:57:22+00:00","breadcrumb":{"@id":"https:\/\/co3farma.com.br\/grupostecnicos\/#breadcrumb"},"inLanguage":"en-US","potentialAction":[{"@type":"ReadAction","target":["https:\/\/co3farma.com.br\/grupostecnicos\/"]}]},{"@type":"BreadcrumbList","@id":"https:\/\/co3farma.com.br\/grupostecnicos\/#breadcrumb","itemListElement":[{"@type":"ListItem","position":1,"name":"In\u00edcio","item":"https:\/\/co3farma.com.br\/"},{"@type":"ListItem","position":2,"name":"Grupos T\u00e9cnicos"}]},{"@type":"WebSite","@id":"https:\/\/co3farma.com.br\/#website","url":"https:\/\/co3farma.com.br\/","name":"CO3 Farma","description":"Excel\u00eancia em Gest\u00e3o de Projetos e Processos","publisher":{"@id":"https:\/\/co3farma.com.br\/#organization"},"potentialAction":[{"@type":"SearchAction","target":{"@type":"EntryPoint","urlTemplate":"https:\/\/co3farma.com.br\/?s={search_term_string}"},"query-input":"required name=search_term_string"}],"inLanguage":"en-US"},{"@type":"Organization","@id":"https:\/\/co3farma.com.br\/#organization","name":"CO3 Farma","url":"https:\/\/co3farma.com.br\/","logo":{"@type":"ImageObject","inLanguage":"en-US","@id":"https:\/\/co3farma.com.br\/#\/schema\/logo\/image\/","url":"https:\/\/co3farma.com.br\/wp-content\/uploads\/2023\/09\/logo02co3.png","contentUrl":"https:\/\/co3farma.com.br\/wp-content\/uploads\/2023\/09\/logo02co3.png","width":4320,"height":1640,"caption":"CO3 Farma"},"image":{"@id":"https:\/\/co3farma.com.br\/#\/schema\/logo\/image\/"},"sameAs":["https:\/\/www.linkedin.com\/company\/co3farma","https:\/\/www.instagram.com\/co3farma\/"]}]}},"_links":{"self":[{"href":"https:\/\/co3farma.com.br\/en\/wp-json\/wp\/v2\/pages\/2833","targetHints":{"allow":["GET"]}}],"collection":[{"href":"https:\/\/co3farma.com.br\/en\/wp-json\/wp\/v2\/pages"}],"about":[{"href":"https:\/\/co3farma.com.br\/en\/wp-json\/wp\/v2\/types\/page"}],"author":[{"embeddable":true,"href":"https:\/\/co3farma.com.br\/en\/wp-json\/wp\/v2\/users\/1"}],"replies":[{"embeddable":true,"href":"https:\/\/co3farma.com.br\/en\/wp-json\/wp\/v2\/comments?post=2833"}],"version-history":[{"count":0,"href":"https:\/\/co3farma.com.br\/en\/wp-json\/wp\/v2\/pages\/2833\/revisions"}],"wp:attachment":[{"href":"https:\/\/co3farma.com.br\/en\/wp-json\/wp\/v2\/media?parent=2833"}],"curies":[{"name":"wp","href":"https:\/\/api.w.org\/{rel}","templated":true}]}}