{"id":2952,"date":"2024-09-07T20:54:23","date_gmt":"2024-09-07T23:54:23","guid":{"rendered":"https:\/\/co3farma.com.br\/?post_type=product&#038;p=2952"},"modified":"2024-09-07T20:55:20","modified_gmt":"2024-09-07T23:55:20","slug":"gto-validacao-de-limpeza","status":"publish","type":"product","link":"https:\/\/co3farma.com.br\/en\/product\/gto-validacao-de-limpeza\/","title":{"rendered":"GTO \u2013 Valida\u00e7\u00e3o de Limpeza"},"content":{"rendered":"<div id=\"publico-alvo\" class=\"elementor-element elementor-element-a2c0209 e-flex e-con-boxed e-con e-child\" data-id=\"a2c0209\" data-element_type=\"container\" data-settings=\"{&quot;container_type&quot;:&quot;flex&quot;,&quot;content_width&quot;:&quot;boxed&quot;}\">\n<div class=\"e-con-inner\">\n<div class=\"elementor-element elementor-element-608909c elementor-widget elementor-widget-heading\" data-id=\"608909c\" data-element_type=\"widget\" data-widget_type=\"heading.default\">\n<div class=\"elementor-widget-container\">\n<div id=\"publico-alvo\" class=\"elementor-element elementor-element-a2c0209 e-flex e-con-boxed e-con e-child\" data-id=\"a2c0209\" data-element_type=\"container\" data-settings=\"{&quot;container_type&quot;:&quot;flex&quot;,&quot;content_width&quot;:&quot;boxed&quot;}\">\n<div class=\"e-con-inner\">\n<div class=\"elementor-element elementor-element-608909c elementor-widget elementor-widget-heading\" data-id=\"608909c\" data-element_type=\"widget\" data-widget_type=\"heading.default\">\n<div class=\"elementor-widget-container\">\n<div id=\"publico-alvo\" class=\"elementor-element elementor-element-a2c0209 e-flex e-con-boxed e-con e-child\" data-id=\"a2c0209\" data-element_type=\"container\" data-settings=\"{&quot;container_type&quot;:&quot;flex&quot;,&quot;content_width&quot;:&quot;boxed&quot;}\">\n<div class=\"e-con-inner\">\n<div class=\"elementor-element elementor-element-608909c elementor-widget elementor-widget-heading\" data-id=\"608909c\" data-element_type=\"widget\" data-widget_type=\"heading.default\">\n<div class=\"elementor-widget-container\">\n<div id=\"publico-alvo\" class=\"elementor-element elementor-element-a2c0209 e-flex e-con-boxed e-con e-child\" data-id=\"a2c0209\" data-element_type=\"container\" data-settings=\"{&quot;container_type&quot;:&quot;flex&quot;,&quot;content_width&quot;:&quot;boxed&quot;}\">\n<div class=\"e-con-inner\">\n<div class=\"elementor-element elementor-element-608909c elementor-widget elementor-widget-heading\" data-id=\"608909c\" data-element_type=\"widget\" data-widget_type=\"heading.default\">\n<div class=\"elementor-widget-container\">\n<div id=\"publico-alvo\" class=\"elementor-element elementor-element-a2c0209 e-flex e-con-boxed e-con e-child\" data-id=\"a2c0209\" data-element_type=\"container\" data-settings=\"{&quot;container_type&quot;:&quot;flex&quot;,&quot;content_width&quot;:&quot;boxed&quot;}\">\n<div class=\"e-con-inner\">\n<div class=\"elementor-element elementor-element-608909c elementor-widget elementor-widget-heading\" data-id=\"608909c\" data-element_type=\"widget\" data-widget_type=\"heading.default\">\n<div class=\"elementor-widget-container\">\n<h2 class=\"elementor-heading-title elementor-size-default\">P\u00fablico-alvo<\/h2>\n<\/div>\n<\/div>\n<div class=\"elementor-element elementor-element-f533672 elementor-widget elementor-widget-text-editor\" data-id=\"f533672\" data-element_type=\"widget\" data-widget_type=\"text-editor.default\">\n<div class=\"elementor-widget-container\">Profissionais experientes e envolvidos com atividades de Valida\u00e7\u00e3o de Limpeza, em ind\u00fastrias farmac\u00eauticas e afins que buscam as \u00faltimas tecnologias, discuss\u00f5es t\u00e9cnicas e tend\u00eancias para impulsionar a gera\u00e7\u00e3o de conhecimento, pr\u00e1ticas, experi\u00eancias e resultados.<\/div>\n<\/div>\n<\/div>\n<\/div>\n<div class=\"elementor-element elementor-element-cb9e7da e-flex e-con-boxed e-con e-child\" data-id=\"cb9e7da\" data-element_type=\"container\" data-settings=\"{&quot;container_type&quot;:&quot;flex&quot;,&quot;content_width&quot;:&quot;boxed&quot;}\">\n<div class=\"e-con-inner\">\n<div class=\"elementor-element elementor-element-8d758ae elementor-widget elementor-widget-heading\" data-id=\"8d758ae\" data-element_type=\"widget\" data-widget_type=\"heading.default\">\n<div class=\"elementor-widget-container\">\n<h2 class=\"elementor-heading-title elementor-size-default\">Quais os temas potencialmente discutidos neste GTO?<\/h2>\n<\/div>\n<\/div>\n<div class=\"elementor-element elementor-element-fbdceb7 elementor-widget elementor-widget-text-editor\" data-id=\"fbdceb7\" data-element_type=\"widget\" data-widget_type=\"text-editor.default\">\n<div class=\"elementor-widget-container\">Neste GTO ser\u00e3o desenvolvidas atividades e discuss\u00f5es conforme tem\u00e1ticas levantadas e adaptadas pelo pr\u00f3prio grupo. Entretanto, para fins de exemplifica\u00e7\u00e3o abaixo est\u00e3o descritas algumas tem\u00e1ticas em potencial.<\/p>\n<p>\u2022 Tecnologias, pr\u00e1ticas e equipamentos usuais, inovadores e emergentes em Valida\u00e7\u00e3o de Limpeza;<br \/>\n\u2022 Defini\u00e7\u00f5es e fundamentos, crit\u00e9rios, an\u00e1lise de risco, protocolos e relat\u00f3rios, c\u00e1lculos, estrat\u00e9gias, limites de exposi\u00e7\u00e3o baseado em sa\u00fade e outros aplic\u00e1veis a Estudos de Valida\u00e7\u00e3o de Limpeza;<br \/>\n\u2022 M\u00e9todos de Limpeza e Equipamentos, desenvolvimento e valida\u00e7\u00e3o de m\u00e9todos anal\u00edticos, estrat\u00e9gias de amostragem, limpeza de produtos potentes, at\u00edpicos, detergentes, agentes sanitizantes e outros. Ciclos de Vida de Valida\u00e7\u00e3o de Limpeza;<br \/>\n\u2022 Integridade de dados, conformidade anal\u00edtica-regulat\u00f3ria, diretrizes nacionais e internacionais;<br \/>\n\u2022 Benchmarking t\u00e9cnico-operacional e discuss\u00e3o de tend\u00eancias que impactam no Planejamento, Controle e Rotinas da Valida\u00e7\u00e3o de Limpeza na ind\u00fastria farmac\u00eautica e afins.<\/p><\/div>\n<\/div>\n<\/div>\n<\/div>\n<div class=\"elementor-element elementor-element-dea5b05 e-flex e-con-boxed e-con e-child\" data-id=\"dea5b05\" data-element_type=\"container\" data-settings=\"{&quot;container_type&quot;:&quot;flex&quot;,&quot;content_width&quot;:&quot;boxed&quot;}\">\n<div class=\"e-con-inner\">\n<div class=\"elementor-element elementor-element-d57c8a7 elementor-widget elementor-widget-heading\" data-id=\"d57c8a7\" data-element_type=\"widget\" data-widget_type=\"heading.default\">\n<div class=\"elementor-widget-container\">\n<h2 class=\"elementor-heading-title elementor-size-default\">Como funciona cada GTO?<\/h2>\n<\/div>\n<\/div>\n<div class=\"elementor-element elementor-element-a052035 elementor-widget elementor-widget-text-editor\" data-id=\"a052035\" data-element_type=\"widget\" data-widget_type=\"text-editor.default\">\n<div class=\"elementor-widget-container\">Em cada GTO s\u00e3o tratadas tem\u00e1ticas espec\u00edficas para permitir o desenvolvimento de atividades de maneira altamente direcionadas e capazes de gerar os resultados esperados. Para atingir este objetivo, o grupo \u00e9 conduzido por um Facilitador \u2013 profissional experiente na tem\u00e1tica do grupo com soft skills essenciais \u00e0 condu\u00e7\u00e3o do GTO e sempre atento aos pilares e diretrizes do C\u00f3digo de Conduta Profissional, Confidencialidade e \u00c9tica.<\/p>\n<p>Ap\u00f3s a forma\u00e7\u00e3o do grupo, o 1\u00ba encontro ser\u00e1 uma fase de orienta\u00e7\u00e3o, onde os objetivos s\u00e3o claramente definidos e as expectativas alinhadas. Esta etapa \u00e9 fundamental para garantir que todos os membros estejam em sintonia em rela\u00e7\u00e3o \u00e0s metas, m\u00e9todos e a constru\u00e7\u00e3o de um ambiente seguro e voltado \u00e0 integra\u00e7\u00e3o.<\/p>\n<p>Na fase de execu\u00e7\u00e3o s\u00e3o realizados mais 6 encontros ao longo de 12 meses utilizando ferramentas de gerenciamento do conhecimento e de projetos para facilitar a comunica\u00e7\u00e3o, o compartilhamento de informa\u00e7\u00f5es e o andamento das atividades de maneira organizada e focada. Esses encontros s\u00e3o essenciais para o progresso, ajustar estrat\u00e9gias e manter o grupo coeso e focado. Em cada encontro tem-se previamente definido as atividades que ser\u00e3o realizadas que podem ser: painel de discuss\u00e3o, presen\u00e7a de especialistas, pesquisas, an\u00e1lises internas e outras, sempre focado em problemas t\u00e9cnicos-operacionais, compartilhamento de melhores pr\u00e1ticas, an\u00e1lise de casos e tend\u00eancias do setor. Ser\u00e3o utilizados mecanismos de monitoramento e avalia\u00e7\u00e3o cont\u00ednuos para medir o progresso, satisfa\u00e7\u00e3o e, se aplic\u00e1vel, realinhar expectativas e atividades, sempre com o foco em atingir os objetivos e resultados do grupo.<\/p>\n<\/div>\n<\/div>\n<\/div>\n<\/div>\n<div class=\"elementor-element elementor-element-24058a6 e-flex e-con-boxed e-con e-child\" data-id=\"24058a6\" data-element_type=\"container\" data-settings=\"{&quot;container_type&quot;:&quot;flex&quot;,&quot;content_width&quot;:&quot;boxed&quot;}\">\n<div class=\"e-con-inner\">\n<div class=\"elementor-element elementor-element-9a57968 elementor-widget elementor-widget-heading\" data-id=\"9a57968\" data-element_type=\"widget\" data-widget_type=\"heading.default\">\n<div class=\"elementor-widget-container\">\n<h2 class=\"elementor-heading-title elementor-size-default\">Como eu participo de um GTO?<\/h2>\n<\/div>\n<\/div>\n<div class=\"elementor-element elementor-element-0c8c7f6 elementor-widget elementor-widget-text-editor\" data-id=\"0c8c7f6\" data-element_type=\"widget\" data-widget_type=\"text-editor.default\">\n<div class=\"elementor-widget-container\">A sele\u00e7\u00e3o dos participantes do GTO deve ser baseada em compet\u00eancias, experi\u00eancia e percep\u00e7\u00e3o de contribui\u00e7\u00e3o de cada um para o grupo. \u00c9 importante buscar um equil\u00edbrio entre experi\u00eancia t\u00e9cnica e habilidades de colabora\u00e7\u00e3o.<\/p>\n<p>Os interessados dever\u00e3o preencher uma pr\u00e9-inscri\u00e7\u00e3o e atender a alguns requisitos conforme descrito abaixo.<\/p>\n<p>\u2022 Ser profissional com experi\u00eancia comprovada na tem\u00e1tica do GTO.<br \/>\n\u2022 Ser curioso, estudioso, acreditar no coletivo e na evolu\u00e7\u00e3o do grupo atrav\u00e9s da Conex\u00e3o, Cocria\u00e7\u00e3o e Compartilhamento de Experi\u00eancias e Resultados<br \/>\n\u2022 entre os profissionais.<br \/>\n\u2022 Estar de acordo com os crit\u00e9rios definidos no C\u00f3digo de Conduta Profissional, Confidencialidade e \u00c9tica.<\/p><\/div>\n<\/div>\n<\/div>\n<\/div>\n<div class=\"elementor-element elementor-element-59e0efc e-flex e-con-boxed e-con e-child\" data-id=\"59e0efc\" data-element_type=\"container\" data-settings=\"{&quot;container_type&quot;:&quot;flex&quot;,&quot;content_width&quot;:&quot;boxed&quot;}\">\n<div class=\"e-con-inner\">\n<div class=\"elementor-element elementor-element-5d85be9 elementor-widget elementor-widget-heading\" data-id=\"5d85be9\" data-element_type=\"widget\" data-widget_type=\"heading.default\">\n<div class=\"elementor-widget-container\">\n<h2 class=\"elementor-heading-title elementor-size-default\">Quais s\u00e3o os pilares de um GTO?<\/h2>\n<\/div>\n<\/div>\n<div class=\"elementor-element elementor-element-079ef00 elementor-widget elementor-widget-text-editor\" data-id=\"079ef00\" data-element_type=\"widget\" data-widget_type=\"text-editor.default\">\n<div class=\"elementor-widget-container\">Integra\u00e7\u00e3o:\u00a0s\u00e3o planejadas estrat\u00e9gias para permitir ambientes seguros e voltados para a cocria\u00e7\u00e3o. Cada membro traz uma perspectiva \u00fanica, enriquecendo e aumentando o desempenho t\u00e9cnico-operacional do grupo.<br \/>\nInova\u00e7\u00e3o:\u00a0especialmente em ambientes complexos, a colabora\u00e7\u00e3o entre profissionais com diferentes experi\u00eancias gera ideias, inova\u00e7\u00f5es e servi\u00e7os que em ambientes homog\u00eaneos dificilmente surgiriam.<br \/>\nFoco na pr\u00e1tica:\u00a0o conhecimento t\u00e9cnico-cient\u00edfico \u00e9 a base para os trabalhos a serem desenvolvidos em cada GTO, seguido de habilidades e atitudes para colocar esse conhecimento em pr\u00e1tica no mundo real.<br \/>\nFlexibilidade:\u00a0oferecem uma estrutura organizacional que \u00e9 intrinsecamente flex\u00edvel e din\u00e2mico, podendo ser rapidamente ajustado em resposta a necessidades priorit\u00e1rias.<\/div>\n<\/div>\n<\/div>\n<\/div>\n<div class=\"elementor-element elementor-element-cc0e1ec e-flex e-con-boxed e-con e-child\" data-id=\"cc0e1ec\" data-element_type=\"container\" data-settings=\"{&quot;container_type&quot;:&quot;flex&quot;,&quot;content_width&quot;:&quot;boxed&quot;}\">\n<div class=\"e-con-inner\">\n<div class=\"elementor-element elementor-element-2815d85 elementor-widget elementor-widget-heading\" data-id=\"2815d85\" data-element_type=\"widget\" data-widget_type=\"heading.default\">\n<div class=\"elementor-widget-container\">\n<h2 class=\"elementor-heading-title elementor-size-default\">Por que \u00e9 necess\u00e1rio estar de acordo com um C\u00f3digo de Conduta Profissional, Confidencialidade e \u00c9tica?<\/h2>\n<\/div>\n<\/div>\n<div class=\"elementor-element elementor-element-21ee478 elementor-widget elementor-widget-text-editor\" data-id=\"21ee478\" data-element_type=\"widget\" data-widget_type=\"text-editor.default\">\n<div class=\"elementor-widget-container\">O C\u00f3digo de Conduta, Confidencialidade e \u00c9tica Profissional dos Grupos T\u00e9cnico-Operacionais (GTOs) da Co3 Farma estabelece diretrizes e princ\u00edpios para garantir um ambiente de colabora\u00e7\u00e3o respeitoso, \u00e9tico e seguro. Este c\u00f3digo refor\u00e7a os pilares para a forma\u00e7\u00e3o dos grupos e refor\u00e7a a conformidade com a Lei Geral de Prote\u00e7\u00e3o de Dados (LGPD), assegurando a prote\u00e7\u00e3o de dados pessoais e a integridade das informa\u00e7\u00f5es, protegendo assim a integridade de informa\u00e7\u00f5es sens\u00edveis ou estrat\u00e9gicas, sejam relacionadas aos profissionais ou \u00e0s empresas em que estes profissionais atuam ou atuaram. Para isto, temos 4 princ\u00edpios gerais:<\/p>\n<p>Respeito e Dignidade:\u00a0todos os membros devem tratar uns aos outros com respeito e dignidade.<br \/>\nIntegridade:\u00a0as intera\u00e7\u00f5es devem ser conduzidas com honestidade e transpar\u00eancia.<br \/>\nConfidencialidade:\u00a0informa\u00e7\u00f5es sens\u00edveis devem ser protegidas e n\u00e3o divulgadas sem autoriza\u00e7\u00e3o. Isto inclui a codifica\u00e7\u00e3o de fontes, a anonimiza\u00e7\u00e3o de dados e prote\u00e7\u00e3o da identidade das empresas envolvidas nas pesquisas.<br \/>\nIgualdade de Oportunidades: garantir oportunidades iguais para todos os membros.<\/p><\/div>\n<\/div>\n<\/div>\n<\/div>\n<div class=\"elementor-element elementor-element-42d610c e-flex e-con-boxed e-con e-child\" data-id=\"42d610c\" data-element_type=\"container\" data-settings=\"{&quot;container_type&quot;:&quot;flex&quot;,&quot;content_width&quot;:&quot;boxed&quot;}\">\n<div class=\"e-con-inner\">\n<div class=\"elementor-element elementor-element-572f662 elementor-widget elementor-widget-heading\" data-id=\"572f662\" data-element_type=\"widget\" data-widget_type=\"heading.default\">\n<div class=\"elementor-widget-container\">\n<h2 class=\"elementor-heading-title elementor-size-default\">O que est\u00e1 inclu\u00eddo?<\/h2>\n<\/div>\n<\/div>\n<div class=\"elementor-element elementor-element-1e125c1 elementor-widget elementor-widget-text-editor\" data-id=\"1e125c1\" data-element_type=\"widget\" data-widget_type=\"text-editor.default\">\n<div class=\"elementor-widget-container\">\u2022 Participa\u00e7\u00e3o nos encontros presenciais, sendo um total de 7 encontros (1 fase de orienta\u00e7\u00e3o + 6 fase de execu\u00e7\u00e3o ao longo de 12 meses)<br \/>\n\u2022 Acesso a conte\u00fados exclusivos<br \/>\n\u2022 Colabora\u00e7\u00e3o com profissionais experientes de v\u00e1rias empresas<br \/>\n\u2022 Ambiente de cocria\u00e7\u00e3o e inova\u00e7\u00e3o<br \/>\n\u2022 Discuss\u00e3o de temas relevantes e tend\u00eancias de maneira aplicada<br \/>\n\u2022 Integra\u00e7\u00e3o entre membros<br \/>\n\u2022 Moderador com experi\u00eancia comprovada na tem\u00e1tica e dedicado<br \/>\n\u2022 Possibilidade de desenvolvimento de projetos colaborativos<br \/>\n\u2022 Certificado de participa\u00e7\u00e3o em um Grupo T\u00e9cnico-Operacional de Refer\u00eancia no mercado<\/div>\n<\/div>\n<\/div>\n<\/div>\n<div class=\"elementor-element elementor-element-a22fc99 e-flex e-con-boxed e-con e-child\" data-id=\"a22fc99\" data-element_type=\"container\" data-settings=\"{&quot;container_type&quot;:&quot;flex&quot;,&quot;content_width&quot;:&quot;boxed&quot;}\">\n<div class=\"e-con-inner\">\n<div class=\"elementor-element elementor-element-fde58fa elementor-widget elementor-widget-heading\" data-id=\"fde58fa\" data-element_type=\"widget\" data-widget_type=\"heading.default\">\n<div class=\"elementor-widget-container\">\n<h2 class=\"elementor-heading-title elementor-size-default\">O que n\u00e3o est\u00e1 inclu\u00eddo?<\/h2>\n<\/div>\n<\/div>\n<div class=\"elementor-element elementor-element-1be0d88 elementor-widget elementor-widget-text-editor\" data-id=\"1be0d88\" data-element_type=\"widget\" data-widget_type=\"text-editor.default\">\n<div class=\"elementor-widget-container\">\u2022 Consultoria individualizada ou para empresa<br \/>\n\u2022 Servi\u00e7os de forma\u00e7\u00e3o formal (por exemplo p\u00f3s-gradua\u00e7\u00e3o)<br \/>\n\u2022 Servi\u00e7o de coleta de informa\u00e7\u00f5es direcionadas a um indiv\u00edduo ou empresa e\/ou confidenciais<br \/>\n\u2022 Resolu\u00e7\u00e3o de conflitos empresariais<br \/>\n\u2022 Ambiente de decis\u00f5es estrat\u00e9gicas corporativas<br \/>\n\u2022 Atividades fora do escopo tem\u00e1tico<br \/>\n\u2022 Despesas de participa\u00e7\u00e3o<\/div>\n<\/div>\n<\/div>\n<\/div>\n<\/div>\n<\/div>\n<\/div>\n<\/div>\n<\/div>\n<\/div>\n<\/div>\n<\/div>\n<\/div>\n<\/div>\n<\/div>\n<\/div>\n<\/div>\n<\/div>\n<\/div>\n<\/div>","protected":false},"excerpt":{"rendered":"<p>Entraremos em contato ap\u00f3s o pagamento, voc\u00ea pode ver mais detalhes sobre o curso <a href=\"https:\/\/co3farma.com.br\/en\/gto-gestao-de-projetos\/\" target=\"_blank\" rel=\"noopener\">clicando aqui<\/a><\/p>","protected":false},"featured_media":2783,"comment_status":"open","ping_status":"closed","template":"","meta":[],"product_cat":[28],"product_tag":[],"class_list":{"0":"post-2952","1":"product","2":"type-product","3":"status-publish","4":"has-post-thumbnail","6":"product_cat-uncategorized","8":"first","9":"instock","10":"virtual","11":"taxable","12":"purchasable","13":"product-type-simple"},"yoast_head":"<!-- This site is optimized with the Yoast SEO plugin v21.9.1 - https:\/\/yoast.com\/wordpress\/plugins\/seo\/ -->\n<title>GTO \u2013 Valida\u00e7\u00e3o de Limpeza - CO3 Farma<\/title>\n<meta name=\"robots\" content=\"index, follow, max-snippet:-1, max-image-preview:large, max-video-preview:-1\" \/>\n<link rel=\"canonical\" href=\"https:\/\/co3farma.com.br\/en\/product\/gto-validacao-de-limpeza\/\" \/>\n<meta property=\"og:locale\" content=\"en_US\" \/>\n<meta property=\"og:type\" content=\"article\" \/>\n<meta property=\"og:title\" content=\"GTO \u2013 Valida\u00e7\u00e3o de Limpeza - CO3 Farma\" \/>\n<meta property=\"og:description\" content=\"Entraremos em contato ap\u00f3s o pagamento, voc\u00ea pode ver mais detalhes sobre o curso clicando aqui\" \/>\n<meta property=\"og:url\" content=\"https:\/\/co3farma.com.br\/en\/product\/gto-validacao-de-limpeza\/\" \/>\n<meta property=\"og:site_name\" content=\"CO3 Farma\" \/>\n<meta property=\"article:modified_time\" content=\"2024-09-07T23:55:20+00:00\" \/>\n<meta property=\"og:image\" content=\"https:\/\/co3farma.com.br\/wp-content\/uploads\/2024\/08\/12-1.jpg\" \/>\n\t<meta property=\"og:image:width\" content=\"580\" \/>\n\t<meta property=\"og:image:height\" content=\"420\" \/>\n\t<meta property=\"og:image:type\" content=\"image\/jpeg\" \/>\n<meta name=\"twitter:card\" content=\"summary_large_image\" \/>\n<meta name=\"twitter:label1\" content=\"Est. reading time\" \/>\n\t<meta name=\"twitter:data1\" content=\"6 minutes\" \/>\n<script type=\"application\/ld+json\" class=\"yoast-schema-graph\">{\"@context\":\"https:\/\/schema.org\",\"@graph\":[{\"@type\":\"WebPage\",\"@id\":\"https:\/\/co3farma.com.br\/product\/gto-validacao-de-limpeza\/\",\"url\":\"https:\/\/co3farma.com.br\/product\/gto-validacao-de-limpeza\/\",\"name\":\"GTO \u2013 Valida\u00e7\u00e3o de Limpeza - CO3 Farma\",\"isPartOf\":{\"@id\":\"https:\/\/co3farma.com.br\/#website\"},\"datePublished\":\"2024-09-07T23:54:23+00:00\",\"dateModified\":\"2024-09-07T23:55:20+00:00\",\"breadcrumb\":{\"@id\":\"https:\/\/co3farma.com.br\/product\/gto-validacao-de-limpeza\/#breadcrumb\"},\"inLanguage\":\"en-US\",\"potentialAction\":[{\"@type\":\"ReadAction\",\"target\":[\"https:\/\/co3farma.com.br\/product\/gto-validacao-de-limpeza\/\"]}]},{\"@type\":\"BreadcrumbList\",\"@id\":\"https:\/\/co3farma.com.br\/product\/gto-validacao-de-limpeza\/#breadcrumb\",\"itemListElement\":[{\"@type\":\"ListItem\",\"position\":1,\"name\":\"In\u00edcio\",\"item\":\"https:\/\/co3farma.com.br\/\"},{\"@type\":\"ListItem\",\"position\":2,\"name\":\"Shop\",\"item\":\"https:\/\/co3farma.com.br\/shop\/\"},{\"@type\":\"ListItem\",\"position\":3,\"name\":\"GTO \u2013 Valida\u00e7\u00e3o de Limpeza\"}]},{\"@type\":\"WebSite\",\"@id\":\"https:\/\/co3farma.com.br\/#website\",\"url\":\"https:\/\/co3farma.com.br\/\",\"name\":\"CO3 Farma\",\"description\":\"Excel\u00eancia em Gest\u00e3o de Projetos e Processos\",\"publisher\":{\"@id\":\"https:\/\/co3farma.com.br\/#organization\"},\"potentialAction\":[{\"@type\":\"SearchAction\",\"target\":{\"@type\":\"EntryPoint\",\"urlTemplate\":\"https:\/\/co3farma.com.br\/?s={search_term_string}\"},\"query-input\":\"required name=search_term_string\"}],\"inLanguage\":\"en-US\"},{\"@type\":\"Organization\",\"@id\":\"https:\/\/co3farma.com.br\/#organization\",\"name\":\"CO3 Farma\",\"url\":\"https:\/\/co3farma.com.br\/\",\"logo\":{\"@type\":\"ImageObject\",\"inLanguage\":\"en-US\",\"@id\":\"https:\/\/co3farma.com.br\/#\/schema\/logo\/image\/\",\"url\":\"https:\/\/co3farma.com.br\/wp-content\/uploads\/2023\/09\/logo02co3.png\",\"contentUrl\":\"https:\/\/co3farma.com.br\/wp-content\/uploads\/2023\/09\/logo02co3.png\",\"width\":4320,\"height\":1640,\"caption\":\"CO3 Farma\"},\"image\":{\"@id\":\"https:\/\/co3farma.com.br\/#\/schema\/logo\/image\/\"},\"sameAs\":[\"https:\/\/www.linkedin.com\/company\/co3farma\",\"https:\/\/www.instagram.com\/co3farma\/\"]}]}<\/script>\n<!-- \/ Yoast SEO plugin. -->","yoast_head_json":{"title":"GTO \u2013 Valida\u00e7\u00e3o de Limpeza - CO3 Farma","robots":{"index":"index","follow":"follow","max-snippet":"max-snippet:-1","max-image-preview":"max-image-preview:large","max-video-preview":"max-video-preview:-1"},"canonical":"https:\/\/co3farma.com.br\/en\/product\/gto-validacao-de-limpeza\/","og_locale":"en_US","og_type":"article","og_title":"GTO \u2013 Valida\u00e7\u00e3o de Limpeza - CO3 Farma","og_description":"Entraremos em contato ap\u00f3s o pagamento, voc\u00ea pode ver mais detalhes sobre o curso clicando aqui","og_url":"https:\/\/co3farma.com.br\/en\/product\/gto-validacao-de-limpeza\/","og_site_name":"CO3 Farma","article_modified_time":"2024-09-07T23:55:20+00:00","og_image":[{"width":580,"height":420,"url":"https:\/\/co3farma.com.br\/wp-content\/uploads\/2024\/08\/12-1.jpg","type":"image\/jpeg"}],"twitter_card":"summary_large_image","twitter_misc":{"Est. reading time":"6 minutes"},"schema":{"@context":"https:\/\/schema.org","@graph":[{"@type":"WebPage","@id":"https:\/\/co3farma.com.br\/product\/gto-validacao-de-limpeza\/","url":"https:\/\/co3farma.com.br\/product\/gto-validacao-de-limpeza\/","name":"GTO \u2013 Valida\u00e7\u00e3o de Limpeza - CO3 Farma","isPartOf":{"@id":"https:\/\/co3farma.com.br\/#website"},"datePublished":"2024-09-07T23:54:23+00:00","dateModified":"2024-09-07T23:55:20+00:00","breadcrumb":{"@id":"https:\/\/co3farma.com.br\/product\/gto-validacao-de-limpeza\/#breadcrumb"},"inLanguage":"en-US","potentialAction":[{"@type":"ReadAction","target":["https:\/\/co3farma.com.br\/product\/gto-validacao-de-limpeza\/"]}]},{"@type":"BreadcrumbList","@id":"https:\/\/co3farma.com.br\/product\/gto-validacao-de-limpeza\/#breadcrumb","itemListElement":[{"@type":"ListItem","position":1,"name":"In\u00edcio","item":"https:\/\/co3farma.com.br\/"},{"@type":"ListItem","position":2,"name":"Shop","item":"https:\/\/co3farma.com.br\/shop\/"},{"@type":"ListItem","position":3,"name":"GTO \u2013 Valida\u00e7\u00e3o de Limpeza"}]},{"@type":"WebSite","@id":"https:\/\/co3farma.com.br\/#website","url":"https:\/\/co3farma.com.br\/","name":"CO3 Farma","description":"Excel\u00eancia em Gest\u00e3o de Projetos e Processos","publisher":{"@id":"https:\/\/co3farma.com.br\/#organization"},"potentialAction":[{"@type":"SearchAction","target":{"@type":"EntryPoint","urlTemplate":"https:\/\/co3farma.com.br\/?s={search_term_string}"},"query-input":"required name=search_term_string"}],"inLanguage":"en-US"},{"@type":"Organization","@id":"https:\/\/co3farma.com.br\/#organization","name":"CO3 Farma","url":"https:\/\/co3farma.com.br\/","logo":{"@type":"ImageObject","inLanguage":"en-US","@id":"https:\/\/co3farma.com.br\/#\/schema\/logo\/image\/","url":"https:\/\/co3farma.com.br\/wp-content\/uploads\/2023\/09\/logo02co3.png","contentUrl":"https:\/\/co3farma.com.br\/wp-content\/uploads\/2023\/09\/logo02co3.png","width":4320,"height":1640,"caption":"CO3 Farma"},"image":{"@id":"https:\/\/co3farma.com.br\/#\/schema\/logo\/image\/"},"sameAs":["https:\/\/www.linkedin.com\/company\/co3farma","https:\/\/www.instagram.com\/co3farma\/"]}]}},"_links":{"self":[{"href":"https:\/\/co3farma.com.br\/en\/wp-json\/wp\/v2\/product\/2952","targetHints":{"allow":["GET"]}}],"collection":[{"href":"https:\/\/co3farma.com.br\/en\/wp-json\/wp\/v2\/product"}],"about":[{"href":"https:\/\/co3farma.com.br\/en\/wp-json\/wp\/v2\/types\/product"}],"replies":[{"embeddable":true,"href":"https:\/\/co3farma.com.br\/en\/wp-json\/wp\/v2\/comments?post=2952"}],"wp:featuredmedia":[{"embeddable":true,"href":"https:\/\/co3farma.com.br\/en\/wp-json\/wp\/v2\/media\/2783"}],"wp:attachment":[{"href":"https:\/\/co3farma.com.br\/en\/wp-json\/wp\/v2\/media?parent=2952"}],"wp:term":[{"taxonomy":"product_cat","embeddable":true,"href":"https:\/\/co3farma.com.br\/en\/wp-json\/wp\/v2\/product_cat?post=2952"},{"taxonomy":"product_tag","embeddable":true,"href":"https:\/\/co3farma.com.br\/en\/wp-json\/wp\/v2\/product_tag?post=2952"}],"curies":[{"name":"wp","href":"https:\/\/api.w.org\/{rel}","templated":true}]}}